{"id":187,"date":"2020-01-08T20:50:59","date_gmt":"2020-01-08T17:50:59","guid":{"rendered":"http:\/\/koenelektrik.com\/?page_id=187"},"modified":"2020-01-08T20:51:00","modified_gmt":"2020-01-08T17:51:00","slug":"kuveyt-turk","status":"publish","type":"page","link":"https:\/\/koenelektrik.com\/index.php\/kuveyt-turk\/","title":{"rendered":"KUVEYT T\u00dcRK"},"content":{"rendered":"\n<p><strong>\u0130\u015fin sahibi :<\/strong>\u00a0KUVEYT T\u00dcRK KATILIM BANKASI A.\u015e.<br><strong>Yeri :<\/strong>\u00a0T\u00fcrkiye Geneli \u015eubeler<br><strong>Tamamlama Tarihi :<\/strong><br><strong>\u0130\u015fin Kapsam\u0131 :<\/strong>\u00a0Genel Elektrik-Elektronik M\u00fcteahhitli\u011fi, Data, Alt Yap\u0131 Sistemleri, Montaj<\/p>\n","protected":false},"excerpt":{"rendered":"<p>\u0130\u015fin sahibi :\u00a0KUVEYT T\u00dcRK KATILIM BANKASI A.\u015e.Yeri :\u00a0T\u00fcrkiye Geneli \u015eubelerTamamlama Tarihi :\u0130\u015fin Kapsam\u0131 :\u00a0Genel Elektrik-Elektronik M\u00fcteahhitli\u011fi, Data, Alt Yap\u0131 Sistemleri, Montaj<\/p>\n","protected":false},"author":1,"featured_media":188,"parent":0,"menu_order":0,"comment_status":"closed","ping_status":"closed","template":"","meta":{"footnotes":""},"class_list":["post-187","page","type-page","status-publish","has-post-thumbnail","hentry"],"_links":{"self":[{"href":"https:\/\/koenelektrik.com\/index.php\/wp-json\/wp\/v2\/pages\/187","targetHints":{"allow":["GET"]}}],"collection":[{"href":"https:\/\/koenelektrik.com\/index.php\/wp-json\/wp\/v2\/pages"}],"about":[{"href":"https:\/\/koenelektrik.com\/index.php\/wp-json\/wp\/v2\/types\/page"}],"author":[{"embeddable":true,"href":"https:\/\/koenelektrik.com\/index.php\/wp-json\/wp\/v2\/users\/1"}],"replies":[{"embeddable":true,"href":"https:\/\/koenelektrik.com\/index.php\/wp-json\/wp\/v2\/comments?post=187"}],"version-history":[{"count":1,"href":"https:\/\/koenelektrik.com\/index.php\/wp-json\/wp\/v2\/pages\/187\/revisions"}],"predecessor-version":[{"id":189,"href":"https:\/\/koenelektrik.com\/index.php\/wp-json\/wp\/v2\/pages\/187\/revisions\/189"}],"wp:featuredmedia":[{"embeddable":true,"href":"https:\/\/koenelektrik.com\/index.php\/wp-json\/wp\/v2\/media\/188"}],"wp:attachment":[{"href":"https:\/\/koenelektrik.com\/index.php\/wp-json\/wp\/v2\/media?parent=187"}],"curies":[{"name":"wp","href":"https:\/\/api.w.org\/{rel}","templated":true}]}}