{"id":196,"date":"2020-01-08T20:57:58","date_gmt":"2020-01-08T17:57:58","guid":{"rendered":"http:\/\/koenelektrik.com\/?page_id=196"},"modified":"2020-01-08T20:57:59","modified_gmt":"2020-01-08T17:57:59","slug":"ing-bank","status":"publish","type":"page","link":"https:\/\/koenelektrik.com\/index.php\/ing-bank\/","title":{"rendered":"ING BANK"},"content":{"rendered":"\n<h2 class=\"wp-block-heading\">PROJE DETAYLARI<\/h2>\n\n\n\n<p><strong>\u0130\u015fin sahibi :<\/strong>&nbsp;ING BANK N.A<br><strong>Yeri :<\/strong>&nbsp;\u0130stanbul<br><strong>Tamamlama Tarihi :<\/strong><br><strong>\u0130\u015fin Kapsam\u0131 :<\/strong>&nbsp;Genel Elektrik-Elektronik M\u00fcteahhitli\u011fi, Data Alt Yap\u0131 Sistemleri, Montaj<\/p>\n","protected":false},"excerpt":{"rendered":"<p>PROJE DETAYLARI \u0130\u015fin sahibi :&nbsp;ING BANK N.AYeri :&nbsp;\u0130stanbulTamamlama Tarihi :\u0130\u015fin Kapsam\u0131 :&nbsp;Genel Elektrik-Elektronik M\u00fcteahhitli\u011fi, Data Alt Yap\u0131 Sistemleri, Montaj<\/p>\n","protected":false},"author":1,"featured_media":197,"parent":0,"menu_order":0,"comment_status":"closed","ping_status":"closed","template":"","meta":{"footnotes":""},"class_list":["post-196","page","type-page","status-publish","has-post-thumbnail","hentry"],"_links":{"self":[{"href":"https:\/\/koenelektrik.com\/index.php\/wp-json\/wp\/v2\/pages\/196","targetHints":{"allow":["GET"]}}],"collection":[{"href":"https:\/\/koenelektrik.com\/index.php\/wp-json\/wp\/v2\/pages"}],"about":[{"href":"https:\/\/koenelektrik.com\/index.php\/wp-json\/wp\/v2\/types\/page"}],"author":[{"embeddable":true,"href":"https:\/\/koenelektrik.com\/index.php\/wp-json\/wp\/v2\/users\/1"}],"replies":[{"embeddable":true,"href":"https:\/\/koenelektrik.com\/index.php\/wp-json\/wp\/v2\/comments?post=196"}],"version-history":[{"count":1,"href":"https:\/\/koenelektrik.com\/index.php\/wp-json\/wp\/v2\/pages\/196\/revisions"}],"predecessor-version":[{"id":198,"href":"https:\/\/koenelektrik.com\/index.php\/wp-json\/wp\/v2\/pages\/196\/revisions\/198"}],"wp:featuredmedia":[{"embeddable":true,"href":"https:\/\/koenelektrik.com\/index.php\/wp-json\/wp\/v2\/media\/197"}],"wp:attachment":[{"href":"https:\/\/koenelektrik.com\/index.php\/wp-json\/wp\/v2\/media?parent=196"}],"curies":[{"name":"wp","href":"https:\/\/api.w.org\/{rel}","templated":true}]}}