{"id":200,"date":"2020-01-08T21:01:46","date_gmt":"2020-01-08T18:01:46","guid":{"rendered":"http:\/\/koenelektrik.com\/?page_id=200"},"modified":"2020-01-08T21:03:24","modified_gmt":"2020-01-08T18:03:24","slug":"qnb-finansbank-elektrik-elektronik-proje","status":"publish","type":"page","link":"https:\/\/koenelektrik.com\/index.php\/qnb-finansbank-elektrik-elektronik-proje\/","title":{"rendered":"QNB F\u0130NANSBANK"},"content":{"rendered":"\n<h2 class=\"wp-block-heading\">PROJE DETAYLARI<\/h2>\n\n\n\n<p><strong>\u0130\u015fin sahibi :<\/strong>\u00a0F\u0130NANSBANK A.\u015e.<br><strong>Yeri :<\/strong>\u00a0\u0130stanbul<br><strong>\u0130\u015fin Kapsam\u0131 :<\/strong>\u00a0Genel Elektrik-Elektronik M\u00fcteahhitli\u011fi, Data Alt Yap\u0131 Sistemleri, Montaj<\/p>\n","protected":false},"excerpt":{"rendered":"<p>PROJE DETAYLARI \u0130\u015fin sahibi :\u00a0F\u0130NANSBANK A.\u015e.Yeri :\u00a0\u0130stanbul\u0130\u015fin Kapsam\u0131 :\u00a0Genel Elektrik-Elektronik M\u00fcteahhitli\u011fi, Data Alt Yap\u0131 Sistemleri, Montaj<\/p>\n","protected":false},"author":1,"featured_media":201,"parent":0,"menu_order":0,"comment_status":"closed","ping_status":"closed","template":"","meta":{"footnotes":""},"class_list":["post-200","page","type-page","status-publish","has-post-thumbnail","hentry"],"_links":{"self":[{"href":"https:\/\/koenelektrik.com\/index.php\/wp-json\/wp\/v2\/pages\/200","targetHints":{"allow":["GET"]}}],"collection":[{"href":"https:\/\/koenelektrik.com\/index.php\/wp-json\/wp\/v2\/pages"}],"about":[{"href":"https:\/\/koenelektrik.com\/index.php\/wp-json\/wp\/v2\/types\/page"}],"author":[{"embeddable":true,"href":"https:\/\/koenelektrik.com\/index.php\/wp-json\/wp\/v2\/users\/1"}],"replies":[{"embeddable":true,"href":"https:\/\/koenelektrik.com\/index.php\/wp-json\/wp\/v2\/comments?post=200"}],"version-history":[{"count":2,"href":"https:\/\/koenelektrik.com\/index.php\/wp-json\/wp\/v2\/pages\/200\/revisions"}],"predecessor-version":[{"id":204,"href":"https:\/\/koenelektrik.com\/index.php\/wp-json\/wp\/v2\/pages\/200\/revisions\/204"}],"wp:featuredmedia":[{"embeddable":true,"href":"https:\/\/koenelektrik.com\/index.php\/wp-json\/wp\/v2\/media\/201"}],"wp:attachment":[{"href":"https:\/\/koenelektrik.com\/index.php\/wp-json\/wp\/v2\/media?parent=200"}],"curies":[{"name":"wp","href":"https:\/\/api.w.org\/{rel}","templated":true}]}}