{"id":206,"date":"2020-01-08T21:08:48","date_gmt":"2020-01-08T18:08:48","guid":{"rendered":"http:\/\/koenelektrik.com\/?page_id=206"},"modified":"2020-01-08T21:08:49","modified_gmt":"2020-01-08T18:08:49","slug":"sekerbank","status":"publish","type":"page","link":"https:\/\/koenelektrik.com\/index.php\/sekerbank\/","title":{"rendered":"\u015eEKERBANK"},"content":{"rendered":"\n<h2 class=\"wp-block-heading\">PROJE DETAYLARI<\/h2>\n\n\n\n<p><strong>\u0130\u015fin sahibi :<\/strong>\u00a0\u015eEKERBANK T.A.\u015e.<br><strong>Yeri :<\/strong>\u00a0\u0130stanbul<br><strong>Tamamlama Tarihi :<\/strong><br><strong>\u0130\u015fin Kapsam\u0131 :<\/strong>\u00a0Genel Elektrik &#8211; Elektronik M\u00fcteahhitli\u011fi, Proje ve Dan\u0131\u015fmanl\u0131k Hizmetleri<\/p>\n","protected":false},"excerpt":{"rendered":"<p>PROJE DETAYLARI \u0130\u015fin sahibi :\u00a0\u015eEKERBANK T.A.\u015e.Yeri :\u00a0\u0130stanbulTamamlama Tarihi :\u0130\u015fin Kapsam\u0131 :\u00a0Genel Elektrik &#8211; Elektronik M\u00fcteahhitli\u011fi, Proje ve Dan\u0131\u015fmanl\u0131k Hizmetleri<\/p>\n","protected":false},"author":1,"featured_media":207,"parent":0,"menu_order":0,"comment_status":"closed","ping_status":"closed","template":"","meta":{"footnotes":""},"class_list":["post-206","page","type-page","status-publish","has-post-thumbnail","hentry"],"_links":{"self":[{"href":"https:\/\/koenelektrik.com\/index.php\/wp-json\/wp\/v2\/pages\/206","targetHints":{"allow":["GET"]}}],"collection":[{"href":"https:\/\/koenelektrik.com\/index.php\/wp-json\/wp\/v2\/pages"}],"about":[{"href":"https:\/\/koenelektrik.com\/index.php\/wp-json\/wp\/v2\/types\/page"}],"author":[{"embeddable":true,"href":"https:\/\/koenelektrik.com\/index.php\/wp-json\/wp\/v2\/users\/1"}],"replies":[{"embeddable":true,"href":"https:\/\/koenelektrik.com\/index.php\/wp-json\/wp\/v2\/comments?post=206"}],"version-history":[{"count":1,"href":"https:\/\/koenelektrik.com\/index.php\/wp-json\/wp\/v2\/pages\/206\/revisions"}],"predecessor-version":[{"id":208,"href":"https:\/\/koenelektrik.com\/index.php\/wp-json\/wp\/v2\/pages\/206\/revisions\/208"}],"wp:featuredmedia":[{"embeddable":true,"href":"https:\/\/koenelektrik.com\/index.php\/wp-json\/wp\/v2\/media\/207"}],"wp:attachment":[{"href":"https:\/\/koenelektrik.com\/index.php\/wp-json\/wp\/v2\/media?parent=206"}],"curies":[{"name":"wp","href":"https:\/\/api.w.org\/{rel}","templated":true}]}}