{"id":210,"date":"2020-01-08T21:19:42","date_gmt":"2020-01-08T18:19:42","guid":{"rendered":"http:\/\/koenelektrik.com\/?page_id=210"},"modified":"2020-01-08T21:21:24","modified_gmt":"2020-01-08T18:21:24","slug":"oracle-elektrik-elektronik-proje","status":"publish","type":"page","link":"https:\/\/koenelektrik.com\/index.php\/oracle-elektrik-elektronik-proje\/","title":{"rendered":"ORACLE"},"content":{"rendered":"\n<h2 class=\"wp-block-heading\">PROJE DETAYLARI<\/h2>\n\n\n\n<p><strong>\u0130\u015fin sahibi :<\/strong>\u00a0More Contract<br><strong>Yeri :<\/strong>\u00a0\u0130stanbul<br><strong>\u0130\u015fin Kapsam\u0131 :<\/strong>\u00a0Firman\u0131n \u0130stanbul Anadolu yakas\u0131 ofisinin elektrik altyap\u0131 uygulama i\u015fleri.<br><\/p>\n\n\n\n<h3 class=\"wp-block-heading\">ORACLE KAR PLAZA<\/h3>\n","protected":false},"excerpt":{"rendered":"<p>PROJE DETAYLARI \u0130\u015fin sahibi :\u00a0More ContractYeri :\u00a0\u0130stanbul\u0130\u015fin Kapsam\u0131 :\u00a0Firman\u0131n \u0130stanbul Anadolu yakas\u0131 ofisinin elektrik altyap\u0131 uygulama i\u015fleri. ORACLE KAR PLAZA<\/p>\n","protected":false},"author":1,"featured_media":211,"parent":0,"menu_order":0,"comment_status":"closed","ping_status":"closed","template":"","meta":{"footnotes":""},"class_list":["post-210","page","type-page","status-publish","has-post-thumbnail","hentry"],"_links":{"self":[{"href":"https:\/\/koenelektrik.com\/index.php\/wp-json\/wp\/v2\/pages\/210","targetHints":{"allow":["GET"]}}],"collection":[{"href":"https:\/\/koenelektrik.com\/index.php\/wp-json\/wp\/v2\/pages"}],"about":[{"href":"https:\/\/koenelektrik.com\/index.php\/wp-json\/wp\/v2\/types\/page"}],"author":[{"embeddable":true,"href":"https:\/\/koenelektrik.com\/index.php\/wp-json\/wp\/v2\/users\/1"}],"replies":[{"embeddable":true,"href":"https:\/\/koenelektrik.com\/index.php\/wp-json\/wp\/v2\/comments?post=210"}],"version-history":[{"count":1,"href":"https:\/\/koenelektrik.com\/index.php\/wp-json\/wp\/v2\/pages\/210\/revisions"}],"predecessor-version":[{"id":212,"href":"https:\/\/koenelektrik.com\/index.php\/wp-json\/wp\/v2\/pages\/210\/revisions\/212"}],"wp:featuredmedia":[{"embeddable":true,"href":"https:\/\/koenelektrik.com\/index.php\/wp-json\/wp\/v2\/media\/211"}],"wp:attachment":[{"href":"https:\/\/koenelektrik.com\/index.php\/wp-json\/wp\/v2\/media?parent=210"}],"curies":[{"name":"wp","href":"https:\/\/api.w.org\/{rel}","templated":true}]}}