{"id":214,"date":"2020-01-08T21:24:36","date_gmt":"2020-01-08T18:24:36","guid":{"rendered":"http:\/\/koenelektrik.com\/?page_id=214"},"modified":"2020-01-08T21:24:37","modified_gmt":"2020-01-08T18:24:37","slug":"ziraat-bankasi","status":"publish","type":"page","link":"https:\/\/koenelektrik.com\/index.php\/ziraat-bankasi\/","title":{"rendered":"Z\u0130RAAT BANKASI"},"content":{"rendered":"\n<h2 class=\"wp-block-heading\">PROJE DETAYLARI<\/h2>\n\n\n\n<p><strong>Yeri :<\/strong>\u00a0\u0130stanbul<br><strong>Tamamlama Tarihi :<\/strong>\u00a02013<br><strong>\u0130\u015fin Kapsam\u0131 :<\/strong>\u00a0Genel Elektrik-Elektronik M\u00fcteahhitli\u011fi, Data Alt Yap\u0131 Sistemleri, Montaj<\/p>\n","protected":false},"excerpt":{"rendered":"<p>PROJE DETAYLARI Yeri :\u00a0\u0130stanbulTamamlama Tarihi :\u00a02013\u0130\u015fin Kapsam\u0131 :\u00a0Genel Elektrik-Elektronik M\u00fcteahhitli\u011fi, Data Alt Yap\u0131 Sistemleri, Montaj<\/p>\n","protected":false},"author":1,"featured_media":215,"parent":0,"menu_order":0,"comment_status":"closed","ping_status":"closed","template":"","meta":{"footnotes":""},"class_list":["post-214","page","type-page","status-publish","has-post-thumbnail","hentry"],"_links":{"self":[{"href":"https:\/\/koenelektrik.com\/index.php\/wp-json\/wp\/v2\/pages\/214","targetHints":{"allow":["GET"]}}],"collection":[{"href":"https:\/\/koenelektrik.com\/index.php\/wp-json\/wp\/v2\/pages"}],"about":[{"href":"https:\/\/koenelektrik.com\/index.php\/wp-json\/wp\/v2\/types\/page"}],"author":[{"embeddable":true,"href":"https:\/\/koenelektrik.com\/index.php\/wp-json\/wp\/v2\/users\/1"}],"replies":[{"embeddable":true,"href":"https:\/\/koenelektrik.com\/index.php\/wp-json\/wp\/v2\/comments?post=214"}],"version-history":[{"count":1,"href":"https:\/\/koenelektrik.com\/index.php\/wp-json\/wp\/v2\/pages\/214\/revisions"}],"predecessor-version":[{"id":216,"href":"https:\/\/koenelektrik.com\/index.php\/wp-json\/wp\/v2\/pages\/214\/revisions\/216"}],"wp:featuredmedia":[{"embeddable":true,"href":"https:\/\/koenelektrik.com\/index.php\/wp-json\/wp\/v2\/media\/215"}],"wp:attachment":[{"href":"https:\/\/koenelektrik.com\/index.php\/wp-json\/wp\/v2\/media?parent=214"}],"curies":[{"name":"wp","href":"https:\/\/api.w.org\/{rel}","templated":true}]}}