{"id":218,"date":"2020-01-08T21:28:08","date_gmt":"2020-01-08T18:28:08","guid":{"rendered":"http:\/\/koenelektrik.com\/?page_id=218"},"modified":"2020-01-08T21:29:52","modified_gmt":"2020-01-08T18:29:52","slug":"actera-group","status":"publish","type":"page","link":"https:\/\/koenelektrik.com\/index.php\/actera-group\/","title":{"rendered":"ACTERA GROUP"},"content":{"rendered":"\n<h2 class=\"wp-block-heading\">PROJE DETAYLARI<\/h2>\n\n\n\n<p><strong>Yeri :<\/strong>\u00a0\u0130stanbul<br><strong>Tamamlama Tarihi :<\/strong>\u00a02017<br><strong>\u0130\u015fin Kapsam\u0131 :<\/strong>\u00a0Firman\u0131n \u0130stanbul&#8217;da bulunan Sumahan merkez ofisinin genel elektrik altyap\u0131 sistemleri, ayd\u0131nlatma, data ve zay\u0131f ak\u0131m sistemi uygulama i\u015fleri.<\/p>\n\n\n\n<p>SUMAHAN OF\u0130S<\/p>\n","protected":false},"excerpt":{"rendered":"<p>PROJE DETAYLARI Yeri :\u00a0\u0130stanbulTamamlama Tarihi :\u00a02017\u0130\u015fin Kapsam\u0131 :\u00a0Firman\u0131n \u0130stanbul&#8217;da bulunan Sumahan merkez ofisinin genel elektrik altyap\u0131 sistemleri, ayd\u0131nlatma, data ve zay\u0131f ak\u0131m sistemi uygulama i\u015fleri. SUMAHAN OF\u0130S<\/p>\n","protected":false},"author":1,"featured_media":219,"parent":0,"menu_order":0,"comment_status":"closed","ping_status":"closed","template":"","meta":{"footnotes":""},"class_list":["post-218","page","type-page","status-publish","has-post-thumbnail","hentry"],"_links":{"self":[{"href":"https:\/\/koenelektrik.com\/index.php\/wp-json\/wp\/v2\/pages\/218","targetHints":{"allow":["GET"]}}],"collection":[{"href":"https:\/\/koenelektrik.com\/index.php\/wp-json\/wp\/v2\/pages"}],"about":[{"href":"https:\/\/koenelektrik.com\/index.php\/wp-json\/wp\/v2\/types\/page"}],"author":[{"embeddable":true,"href":"https:\/\/koenelektrik.com\/index.php\/wp-json\/wp\/v2\/users\/1"}],"replies":[{"embeddable":true,"href":"https:\/\/koenelektrik.com\/index.php\/wp-json\/wp\/v2\/comments?post=218"}],"version-history":[{"count":2,"href":"https:\/\/koenelektrik.com\/index.php\/wp-json\/wp\/v2\/pages\/218\/revisions"}],"predecessor-version":[{"id":223,"href":"https:\/\/koenelektrik.com\/index.php\/wp-json\/wp\/v2\/pages\/218\/revisions\/223"}],"wp:featuredmedia":[{"embeddable":true,"href":"https:\/\/koenelektrik.com\/index.php\/wp-json\/wp\/v2\/media\/219"}],"wp:attachment":[{"href":"https:\/\/koenelektrik.com\/index.php\/wp-json\/wp\/v2\/media?parent=218"}],"curies":[{"name":"wp","href":"https:\/\/api.w.org\/{rel}","templated":true}]}}