{"id":222,"date":"2020-01-08T21:31:48","date_gmt":"2020-01-08T18:31:48","guid":{"rendered":"http:\/\/koenelektrik.com\/?page_id=222"},"modified":"2020-01-08T21:31:49","modified_gmt":"2020-01-08T18:31:49","slug":"acemar","status":"publish","type":"page","link":"https:\/\/koenelektrik.com\/index.php\/acemar\/","title":{"rendered":"ACEMAR"},"content":{"rendered":"\n<h2 class=\"wp-block-heading\">PROJE DETAYLARI<\/h2>\n\n\n\n<p><strong>\u0130\u015fin sahibi :<\/strong>&nbsp;YBY Mimarl\u0131k<br><strong>Yeri :<\/strong>&nbsp;\u0130stanbul<br><strong>Tamamlama Tarihi :<\/strong>&nbsp;2017<br><strong>\u0130\u015fin Kapsam\u0131 :<\/strong>&nbsp;Firman\u0131n \u0130stanbul&#8217;da bulunan merkez ofisinin genel elektrik altyap\u0131 sistemleri, data ve zay\u0131f ak\u0131m sistemi uygulama i\u015fleri.<\/p>\n","protected":false},"excerpt":{"rendered":"<p>PROJE DETAYLARI \u0130\u015fin sahibi :&nbsp;YBY Mimarl\u0131kYeri :&nbsp;\u0130stanbulTamamlama Tarihi :&nbsp;2017\u0130\u015fin Kapsam\u0131 :&nbsp;Firman\u0131n \u0130stanbul&#8217;da bulunan merkez ofisinin genel elektrik altyap\u0131 sistemleri, data ve zay\u0131f ak\u0131m sistemi uygulama i\u015fleri.<\/p>\n","protected":false},"author":1,"featured_media":224,"parent":0,"menu_order":0,"comment_status":"closed","ping_status":"closed","template":"","meta":{"footnotes":""},"class_list":["post-222","page","type-page","status-publish","has-post-thumbnail","hentry"],"_links":{"self":[{"href":"https:\/\/koenelektrik.com\/index.php\/wp-json\/wp\/v2\/pages\/222","targetHints":{"allow":["GET"]}}],"collection":[{"href":"https:\/\/koenelektrik.com\/index.php\/wp-json\/wp\/v2\/pages"}],"about":[{"href":"https:\/\/koenelektrik.com\/index.php\/wp-json\/wp\/v2\/types\/page"}],"author":[{"embeddable":true,"href":"https:\/\/koenelektrik.com\/index.php\/wp-json\/wp\/v2\/users\/1"}],"replies":[{"embeddable":true,"href":"https:\/\/koenelektrik.com\/index.php\/wp-json\/wp\/v2\/comments?post=222"}],"version-history":[{"count":1,"href":"https:\/\/koenelektrik.com\/index.php\/wp-json\/wp\/v2\/pages\/222\/revisions"}],"predecessor-version":[{"id":225,"href":"https:\/\/koenelektrik.com\/index.php\/wp-json\/wp\/v2\/pages\/222\/revisions\/225"}],"wp:featuredmedia":[{"embeddable":true,"href":"https:\/\/koenelektrik.com\/index.php\/wp-json\/wp\/v2\/media\/224"}],"wp:attachment":[{"href":"https:\/\/koenelektrik.com\/index.php\/wp-json\/wp\/v2\/media?parent=222"}],"curies":[{"name":"wp","href":"https:\/\/api.w.org\/{rel}","templated":true}]}}