{"id":227,"date":"2020-01-08T21:34:15","date_gmt":"2020-01-08T18:34:15","guid":{"rendered":"http:\/\/koenelektrik.com\/?page_id=227"},"modified":"2020-01-08T21:34:16","modified_gmt":"2020-01-08T18:34:16","slug":"fenerbahce-dogus-yelken-kulubu","status":"publish","type":"page","link":"https:\/\/koenelektrik.com\/index.php\/fenerbahce-dogus-yelken-kulubu\/","title":{"rendered":"FENERBAH\u00c7E DO\u011eU\u015e YELKEN KULUB\u00dc"},"content":{"rendered":"\n<h2 class=\"wp-block-heading\">PROJE DETAYLARI<\/h2>\n\n\n\n<p><strong>\u0130\u015fin sahibi :<\/strong>&nbsp;Do\u011fu\u015f \u0130n\u015faat<br><strong>Yeri :<\/strong>&nbsp;\u0130stanbul<br><strong>Tamamlama Tarihi :<\/strong>&nbsp;2017<br><strong>\u0130\u015fin Kapsam\u0131 :<\/strong>&nbsp;Derea\u011fz\u0131 tesisleri i\u00e7erisindeki yelken kulub\u00fc binas\u0131n\u0131n elektrik altyap\u0131 uygulama i\u015fleri.<br><\/p>\n\n\n\n<h3 class=\"wp-block-heading\">FENERBAH\u00c7E YELKEN<\/h3>\n","protected":false},"excerpt":{"rendered":"<p>PROJE DETAYLARI \u0130\u015fin sahibi :&nbsp;Do\u011fu\u015f \u0130n\u015faatYeri :&nbsp;\u0130stanbulTamamlama Tarihi :&nbsp;2017\u0130\u015fin Kapsam\u0131 :&nbsp;Derea\u011fz\u0131 tesisleri i\u00e7erisindeki yelken kulub\u00fc binas\u0131n\u0131n elektrik altyap\u0131 uygulama i\u015fleri. FENERBAH\u00c7E YELKEN<\/p>\n","protected":false},"author":1,"featured_media":228,"parent":0,"menu_order":0,"comment_status":"closed","ping_status":"closed","template":"","meta":{"footnotes":""},"class_list":["post-227","page","type-page","status-publish","has-post-thumbnail","hentry"],"_links":{"self":[{"href":"https:\/\/koenelektrik.com\/index.php\/wp-json\/wp\/v2\/pages\/227","targetHints":{"allow":["GET"]}}],"collection":[{"href":"https:\/\/koenelektrik.com\/index.php\/wp-json\/wp\/v2\/pages"}],"about":[{"href":"https:\/\/koenelektrik.com\/index.php\/wp-json\/wp\/v2\/types\/page"}],"author":[{"embeddable":true,"href":"https:\/\/koenelektrik.com\/index.php\/wp-json\/wp\/v2\/users\/1"}],"replies":[{"embeddable":true,"href":"https:\/\/koenelektrik.com\/index.php\/wp-json\/wp\/v2\/comments?post=227"}],"version-history":[{"count":1,"href":"https:\/\/koenelektrik.com\/index.php\/wp-json\/wp\/v2\/pages\/227\/revisions"}],"predecessor-version":[{"id":229,"href":"https:\/\/koenelektrik.com\/index.php\/wp-json\/wp\/v2\/pages\/227\/revisions\/229"}],"wp:featuredmedia":[{"embeddable":true,"href":"https:\/\/koenelektrik.com\/index.php\/wp-json\/wp\/v2\/media\/228"}],"wp:attachment":[{"href":"https:\/\/koenelektrik.com\/index.php\/wp-json\/wp\/v2\/media?parent=227"}],"curies":[{"name":"wp","href":"https:\/\/api.w.org\/{rel}","templated":true}]}}