{"id":231,"date":"2020-01-08T21:38:19","date_gmt":"2020-01-08T18:38:19","guid":{"rendered":"http:\/\/koenelektrik.com\/?page_id=231"},"modified":"2020-01-08T21:38:20","modified_gmt":"2020-01-08T18:38:20","slug":"odeabank","status":"publish","type":"page","link":"https:\/\/koenelektrik.com\/index.php\/odeabank\/","title":{"rendered":"ODEABANK"},"content":{"rendered":"\n<p><strong>\u0130\u015fin sahibi :<\/strong>\u00a0S\u0130STEMA<br><strong>Yeri :<\/strong>\u00a0T\u00fcrkiye Geneli<br><strong>\u0130\u015fin Kapsam\u0131 :<\/strong>\u00a0Genel Elektrik-Elektronik M\u00fcteahhitli\u011fi, Data Alt Yap\u0131 Sistemleri, Montaj<\/p>\n","protected":false},"excerpt":{"rendered":"<p>\u0130\u015fin sahibi :\u00a0S\u0130STEMAYeri :\u00a0T\u00fcrkiye Geneli\u0130\u015fin Kapsam\u0131 :\u00a0Genel Elektrik-Elektronik M\u00fcteahhitli\u011fi, Data Alt Yap\u0131 Sistemleri, Montaj<\/p>\n","protected":false},"author":1,"featured_media":232,"parent":0,"menu_order":0,"comment_status":"closed","ping_status":"closed","template":"","meta":{"footnotes":""},"class_list":["post-231","page","type-page","status-publish","has-post-thumbnail","hentry"],"_links":{"self":[{"href":"https:\/\/koenelektrik.com\/index.php\/wp-json\/wp\/v2\/pages\/231","targetHints":{"allow":["GET"]}}],"collection":[{"href":"https:\/\/koenelektrik.com\/index.php\/wp-json\/wp\/v2\/pages"}],"about":[{"href":"https:\/\/koenelektrik.com\/index.php\/wp-json\/wp\/v2\/types\/page"}],"author":[{"embeddable":true,"href":"https:\/\/koenelektrik.com\/index.php\/wp-json\/wp\/v2\/users\/1"}],"replies":[{"embeddable":true,"href":"https:\/\/koenelektrik.com\/index.php\/wp-json\/wp\/v2\/comments?post=231"}],"version-history":[{"count":1,"href":"https:\/\/koenelektrik.com\/index.php\/wp-json\/wp\/v2\/pages\/231\/revisions"}],"predecessor-version":[{"id":233,"href":"https:\/\/koenelektrik.com\/index.php\/wp-json\/wp\/v2\/pages\/231\/revisions\/233"}],"wp:featuredmedia":[{"embeddable":true,"href":"https:\/\/koenelektrik.com\/index.php\/wp-json\/wp\/v2\/media\/232"}],"wp:attachment":[{"href":"https:\/\/koenelektrik.com\/index.php\/wp-json\/wp\/v2\/media?parent=231"}],"curies":[{"name":"wp","href":"https:\/\/api.w.org\/{rel}","templated":true}]}}