{"id":56,"date":"2018-04-24T10:09:36","date_gmt":"2018-04-24T10:09:36","guid":{"rendered":"http:\/\/demo.acmethemes.com\/construction-field-pro\/?page_id=146"},"modified":"2020-01-08T23:13:28","modified_gmt":"2020-01-08T20:13:28","slug":"profesyonel-ekip","status":"publish","type":"page","link":"https:\/\/koenelektrik.com\/index.php\/profesyonel-ekip\/","title":{"rendered":"Profesyonel Ekip"},"content":{"rendered":"<div class=\"row\">\n<div class=\"col-md-3 col-sm-6 service-box service-center\">\n<div class=\"service-content\">\n<p>Firmam\u0131z ald\u0131\u011f\u0131 i\u015fler ve t\u00fcm s\u00fcre\u00e7ler boyunca her zaman s\u00fcrd\u00fcr\u00fclebilir m\u00fc\u015fteri memnuniyetini hedefler<\/p>\n<\/div>\n<\/div>\n<\/div>\n<p><center><\/center><\/p>\n","protected":false},"excerpt":{"rendered":"<p>Firmam\u0131z ald\u0131\u011f\u0131 i\u015fler ve t\u00fcm s\u00fcre\u00e7ler boyunca her zaman s\u00fcrd\u00fcr\u00fclebilir m\u00fc\u015fteri memnuniyetini hedefler<\/p>\n","protected":false},"author":1,"featured_media":0,"parent":0,"menu_order":0,"comment_status":"closed","ping_status":"closed","template":"","meta":{"footnotes":""},"class_list":["post-56","page","type-page","status-publish","hentry"],"_links":{"self":[{"href":"https:\/\/koenelektrik.com\/index.php\/wp-json\/wp\/v2\/pages\/56","targetHints":{"allow":["GET"]}}],"collection":[{"href":"https:\/\/koenelektrik.com\/index.php\/wp-json\/wp\/v2\/pages"}],"about":[{"href":"https:\/\/koenelektrik.com\/index.php\/wp-json\/wp\/v2\/types\/page"}],"author":[{"embeddable":true,"href":"https:\/\/koenelektrik.com\/index.php\/wp-json\/wp\/v2\/users\/1"}],"replies":[{"embeddable":true,"href":"https:\/\/koenelektrik.com\/index.php\/wp-json\/wp\/v2\/comments?post=56"}],"version-history":[{"count":2,"href":"https:\/\/koenelektrik.com\/index.php\/wp-json\/wp\/v2\/pages\/56\/revisions"}],"predecessor-version":[{"id":303,"href":"https:\/\/koenelektrik.com\/index.php\/wp-json\/wp\/v2\/pages\/56\/revisions\/303"}],"wp:attachment":[{"href":"https:\/\/koenelektrik.com\/index.php\/wp-json\/wp\/v2\/media?parent=56"}],"curies":[{"name":"wp","href":"https:\/\/api.w.org\/{rel}","templated":true}]}}