{"id":65,"date":"2018-04-24T09:29:59","date_gmt":"2018-04-24T09:29:59","guid":{"rendered":"http:\/\/demo.acmethemes.com\/construction-field-pro\/?page_id=119"},"modified":"2020-01-08T20:31:30","modified_gmt":"2020-01-08T17:31:30","slug":"hsbc-bank","status":"publish","type":"page","link":"https:\/\/koenelektrik.com\/index.php\/hsbc-bank\/","title":{"rendered":"HSBC BANK"},"content":{"rendered":"\n<h2 class=\"wp-block-heading\">PROJE DETAYLARI<\/h2>\n\n\n\n<p><strong>\u0130\u015fin sahibi :<\/strong>\u00a0HSBC BANK N.A<br><strong>Yeri :<\/strong>\u00a0T\u00fcrkiye Geneli \u015eubeler<br><strong>\u0130\u015fin Kapsam\u0131 :<\/strong>\u00a0G\u00fcvenlik Sistemleri ve Alt Yap\u0131 Hizmetleri<br><br><\/p>\n","protected":false},"excerpt":{"rendered":"<p>PROJE DETAYLARI \u0130\u015fin sahibi :\u00a0HSBC BANK N.AYeri :\u00a0T\u00fcrkiye Geneli \u015eubeler\u0130\u015fin Kapsam\u0131 :\u00a0G\u00fcvenlik Sistemleri ve Alt Yap\u0131 Hizmetleri<\/p>\n","protected":false},"author":1,"featured_media":173,"parent":0,"menu_order":0,"comment_status":"closed","ping_status":"closed","template":"","meta":{"footnotes":""},"class_list":["post-65","page","type-page","status-publish","has-post-thumbnail","hentry"],"_links":{"self":[{"href":"https:\/\/koenelektrik.com\/index.php\/wp-json\/wp\/v2\/pages\/65","targetHints":{"allow":["GET"]}}],"collection":[{"href":"https:\/\/koenelektrik.com\/index.php\/wp-json\/wp\/v2\/pages"}],"about":[{"href":"https:\/\/koenelektrik.com\/index.php\/wp-json\/wp\/v2\/types\/page"}],"author":[{"embeddable":true,"href":"https:\/\/koenelektrik.com\/index.php\/wp-json\/wp\/v2\/users\/1"}],"replies":[{"embeddable":true,"href":"https:\/\/koenelektrik.com\/index.php\/wp-json\/wp\/v2\/comments?post=65"}],"version-history":[{"count":1,"href":"https:\/\/koenelektrik.com\/index.php\/wp-json\/wp\/v2\/pages\/65\/revisions"}],"predecessor-version":[{"id":174,"href":"https:\/\/koenelektrik.com\/index.php\/wp-json\/wp\/v2\/pages\/65\/revisions\/174"}],"wp:featuredmedia":[{"embeddable":true,"href":"https:\/\/koenelektrik.com\/index.php\/wp-json\/wp\/v2\/media\/173"}],"wp:attachment":[{"href":"https:\/\/koenelektrik.com\/index.php\/wp-json\/wp\/v2\/media?parent=65"}],"curies":[{"name":"wp","href":"https:\/\/api.w.org\/{rel}","templated":true}]}}