{"id":66,"date":"2018-04-24T09:29:41","date_gmt":"2018-04-24T09:29:41","guid":{"rendered":"http:\/\/demo.acmethemes.com\/construction-field-pro\/?page_id=116"},"modified":"2020-01-08T20:12:53","modified_gmt":"2020-01-08T17:12:53","slug":"turk-ekonomi-bankasi","status":"publish","type":"page","link":"https:\/\/koenelektrik.com\/index.php\/turk-ekonomi-bankasi\/","title":{"rendered":"T\u00dcRK EKONOM\u0130 BANKASI"},"content":{"rendered":"\n<h2 class=\"wp-block-heading\">PROJE DETAYLARI<\/h2>\n\n\n\n<p><strong>\u0130\u015fin sahibi :<\/strong>\u00a0T\u00dcRK EKONOM\u0130 BANKASI A.\u015e.<br><strong>Yeri :<\/strong>\u00a0T\u00fcrkiye Geneli \u015eubeler<br><strong>\u0130\u015fin Kapsam\u0131 :<\/strong>\u00a0Genel Elektrik M\u00fcteahhitli\u011fi, Data Altyap\u0131 Sistemleri, Montaj<br><br><\/p>\n","protected":false},"excerpt":{"rendered":"<p>PROJE DETAYLARI \u0130\u015fin sahibi :\u00a0T\u00dcRK EKONOM\u0130 BANKASI A.\u015e.Yeri :\u00a0T\u00fcrkiye Geneli \u015eubeler\u0130\u015fin Kapsam\u0131 :\u00a0Genel Elektrik M\u00fcteahhitli\u011fi, Data Altyap\u0131 Sistemleri, Montaj<\/p>\n","protected":false},"author":1,"featured_media":164,"parent":0,"menu_order":0,"comment_status":"closed","ping_status":"closed","template":"","meta":{"footnotes":""},"class_list":["post-66","page","type-page","status-publish","has-post-thumbnail","hentry"],"_links":{"self":[{"href":"https:\/\/koenelektrik.com\/index.php\/wp-json\/wp\/v2\/pages\/66","targetHints":{"allow":["GET"]}}],"collection":[{"href":"https:\/\/koenelektrik.com\/index.php\/wp-json\/wp\/v2\/pages"}],"about":[{"href":"https:\/\/koenelektrik.com\/index.php\/wp-json\/wp\/v2\/types\/page"}],"author":[{"embeddable":true,"href":"https:\/\/koenelektrik.com\/index.php\/wp-json\/wp\/v2\/users\/1"}],"replies":[{"embeddable":true,"href":"https:\/\/koenelektrik.com\/index.php\/wp-json\/wp\/v2\/comments?post=66"}],"version-history":[{"count":1,"href":"https:\/\/koenelektrik.com\/index.php\/wp-json\/wp\/v2\/pages\/66\/revisions"}],"predecessor-version":[{"id":165,"href":"https:\/\/koenelektrik.com\/index.php\/wp-json\/wp\/v2\/pages\/66\/revisions\/165"}],"wp:featuredmedia":[{"embeddable":true,"href":"https:\/\/koenelektrik.com\/index.php\/wp-json\/wp\/v2\/media\/164"}],"wp:attachment":[{"href":"https:\/\/koenelektrik.com\/index.php\/wp-json\/wp\/v2\/media?parent=66"}],"curies":[{"name":"wp","href":"https:\/\/api.w.org\/{rel}","templated":true}]}}