{"id":67,"date":"2018-04-24T09:28:52","date_gmt":"2018-04-24T09:28:52","guid":{"rendered":"http:\/\/demo.acmethemes.com\/construction-field-pro\/?page_id=113"},"modified":"2020-01-08T21:04:07","modified_gmt":"2020-01-08T18:04:07","slug":"garanti-bbva","status":"publish","type":"page","link":"https:\/\/koenelektrik.com\/index.php\/garanti-bbva\/","title":{"rendered":"GARANTi BBVA"},"content":{"rendered":"<p><b>\u0130\u015fin sahibi :<\/b>\u00a0GARANTi BANKASI A.\u015e.<br \/>\n<b>Yeri :<\/b>\u00a0T\u00fcrkiye Geneli \u015eubeler<br \/>\n<b>\u0130\u015fin Kapsam\u0131 :<\/b>\u00a0Genel Elektrik M\u00fcteahhitli\u011fi, Data Altyap\u0131 Sistemleri, Montaj<\/p>\n","protected":false},"excerpt":{"rendered":"<p>\u0130\u015fin sahibi :\u00a0GARANTi BANKASI A.\u015e. Yeri :\u00a0T\u00fcrkiye Geneli \u015eubeler \u0130\u015fin Kapsam\u0131 :\u00a0Genel Elektrik M\u00fcteahhitli\u011fi, Data Altyap\u0131 Sistemleri, Montaj<\/p>\n","protected":false},"author":1,"featured_media":167,"parent":0,"menu_order":0,"comment_status":"closed","ping_status":"closed","template":"","meta":{"footnotes":""},"class_list":["post-67","page","type-page","status-publish","has-post-thumbnail","hentry"],"_links":{"self":[{"href":"https:\/\/koenelektrik.com\/index.php\/wp-json\/wp\/v2\/pages\/67","targetHints":{"allow":["GET"]}}],"collection":[{"href":"https:\/\/koenelektrik.com\/index.php\/wp-json\/wp\/v2\/pages"}],"about":[{"href":"https:\/\/koenelektrik.com\/index.php\/wp-json\/wp\/v2\/types\/page"}],"author":[{"embeddable":true,"href":"https:\/\/koenelektrik.com\/index.php\/wp-json\/wp\/v2\/users\/1"}],"replies":[{"embeddable":true,"href":"https:\/\/koenelektrik.com\/index.php\/wp-json\/wp\/v2\/comments?post=67"}],"version-history":[{"count":2,"href":"https:\/\/koenelektrik.com\/index.php\/wp-json\/wp\/v2\/pages\/67\/revisions"}],"predecessor-version":[{"id":205,"href":"https:\/\/koenelektrik.com\/index.php\/wp-json\/wp\/v2\/pages\/67\/revisions\/205"}],"wp:featuredmedia":[{"embeddable":true,"href":"https:\/\/koenelektrik.com\/index.php\/wp-json\/wp\/v2\/media\/167"}],"wp:attachment":[{"href":"https:\/\/koenelektrik.com\/index.php\/wp-json\/wp\/v2\/media?parent=67"}],"curies":[{"name":"wp","href":"https:\/\/api.w.org\/{rel}","templated":true}]}}