{"id":69,"date":"2018-04-24T09:25:41","date_gmt":"2018-04-24T09:25:41","guid":{"rendered":"http:\/\/demo.acmethemes.com\/construction-field-pro\/?page_id=108"},"modified":"2020-01-08T20:10:16","modified_gmt":"2020-01-08T17:10:16","slug":"jp-morgan-chase","status":"publish","type":"page","link":"https:\/\/koenelektrik.com\/index.php\/jp-morgan-chase\/","title":{"rendered":"JP MORGAN CHASE"},"content":{"rendered":"\n<h2 class=\"wp-block-heading\">PROJE DETAYLARI<\/h2>\n\n\n\n<p><strong>\u0130\u015fin sahibi :<\/strong>\u00a0JP MORGAN CHASE<br><strong>Yeri :<\/strong>\u00a0\u0130stanbul \/ Merkez (Kanyon Ofis Bina)<br><strong>\u0130\u015fin Kapsam\u0131 :<\/strong>\u00a0Genel Elektrik M\u00fcteahhitli\u011fi-Periyodik Bak\u0131m<br><br><\/p>\n","protected":false},"excerpt":{"rendered":"<p>PROJE DETAYLARI \u0130\u015fin sahibi :\u00a0JP MORGAN CHASEYeri :\u00a0\u0130stanbul \/ Merkez (Kanyon Ofis Bina)\u0130\u015fin Kapsam\u0131 :\u00a0Genel Elektrik M\u00fcteahhitli\u011fi-Periyodik Bak\u0131m<\/p>\n","protected":false},"author":1,"featured_media":161,"parent":0,"menu_order":0,"comment_status":"closed","ping_status":"closed","template":"","meta":{"footnotes":""},"class_list":["post-69","page","type-page","status-publish","has-post-thumbnail","hentry"],"_links":{"self":[{"href":"https:\/\/koenelektrik.com\/index.php\/wp-json\/wp\/v2\/pages\/69","targetHints":{"allow":["GET"]}}],"collection":[{"href":"https:\/\/koenelektrik.com\/index.php\/wp-json\/wp\/v2\/pages"}],"about":[{"href":"https:\/\/koenelektrik.com\/index.php\/wp-json\/wp\/v2\/types\/page"}],"author":[{"embeddable":true,"href":"https:\/\/koenelektrik.com\/index.php\/wp-json\/wp\/v2\/users\/1"}],"replies":[{"embeddable":true,"href":"https:\/\/koenelektrik.com\/index.php\/wp-json\/wp\/v2\/comments?post=69"}],"version-history":[{"count":1,"href":"https:\/\/koenelektrik.com\/index.php\/wp-json\/wp\/v2\/pages\/69\/revisions"}],"predecessor-version":[{"id":162,"href":"https:\/\/koenelektrik.com\/index.php\/wp-json\/wp\/v2\/pages\/69\/revisions\/162"}],"wp:featuredmedia":[{"embeddable":true,"href":"https:\/\/koenelektrik.com\/index.php\/wp-json\/wp\/v2\/media\/161"}],"wp:attachment":[{"href":"https:\/\/koenelektrik.com\/index.php\/wp-json\/wp\/v2\/media?parent=69"}],"curies":[{"name":"wp","href":"https:\/\/api.w.org\/{rel}","templated":true}]}}