{"id":72,"date":"2018-04-24T09:23:10","date_gmt":"2018-04-24T09:23:10","guid":{"rendered":"http:\/\/demo.acmethemes.com\/construction-field-pro\/?page_id=99"},"modified":"2020-01-08T20:05:58","modified_gmt":"2020-01-08T17:05:58","slug":"credit-suisse","status":"publish","type":"page","link":"https:\/\/koenelektrik.com\/index.php\/credit-suisse\/","title":{"rendered":"CREDIT SUISSE"},"content":{"rendered":"\n<h2 class=\"wp-block-heading\">PROJE DETAYLARI<\/h2>\n\n\n\n<p><strong>\u0130\u015fin sahibi :<\/strong>&nbsp;CREDIT SUISSE<br><strong>Yeri :<\/strong>&nbsp;\u0130stanbul<br><strong>Tamamlama Tarihi :<\/strong><br><strong>\u0130\u015fin Kapsam\u0131 :<\/strong>&nbsp;Genel Elektrik M\u00fcteahhitli\u011fi-Periyodik Bak\u0131m<\/p>\n","protected":false},"excerpt":{"rendered":"<p>PROJE DETAYLARI \u0130\u015fin sahibi :&nbsp;CREDIT SUISSEYeri :&nbsp;\u0130stanbulTamamlama Tarihi :\u0130\u015fin Kapsam\u0131 :&nbsp;Genel Elektrik M\u00fcteahhitli\u011fi-Periyodik Bak\u0131m<\/p>\n","protected":false},"author":1,"featured_media":158,"parent":0,"menu_order":0,"comment_status":"closed","ping_status":"closed","template":"","meta":{"footnotes":""},"class_list":["post-72","page","type-page","status-publish","has-post-thumbnail","hentry"],"_links":{"self":[{"href":"https:\/\/koenelektrik.com\/index.php\/wp-json\/wp\/v2\/pages\/72","targetHints":{"allow":["GET"]}}],"collection":[{"href":"https:\/\/koenelektrik.com\/index.php\/wp-json\/wp\/v2\/pages"}],"about":[{"href":"https:\/\/koenelektrik.com\/index.php\/wp-json\/wp\/v2\/types\/page"}],"author":[{"embeddable":true,"href":"https:\/\/koenelektrik.com\/index.php\/wp-json\/wp\/v2\/users\/1"}],"replies":[{"embeddable":true,"href":"https:\/\/koenelektrik.com\/index.php\/wp-json\/wp\/v2\/comments?post=72"}],"version-history":[{"count":3,"href":"https:\/\/koenelektrik.com\/index.php\/wp-json\/wp\/v2\/pages\/72\/revisions"}],"predecessor-version":[{"id":160,"href":"https:\/\/koenelektrik.com\/index.php\/wp-json\/wp\/v2\/pages\/72\/revisions\/160"}],"wp:featuredmedia":[{"embeddable":true,"href":"https:\/\/koenelektrik.com\/index.php\/wp-json\/wp\/v2\/media\/158"}],"wp:attachment":[{"href":"https:\/\/koenelektrik.com\/index.php\/wp-json\/wp\/v2\/media?parent=72"}],"curies":[{"name":"wp","href":"https:\/\/api.w.org\/{rel}","templated":true}]}}