{"id":74,"date":"2018-04-24T09:08:00","date_gmt":"2018-04-24T09:08:00","guid":{"rendered":"http:\/\/demo.acmethemes.com\/construction-field-pro\/?page_id=91"},"modified":"2020-01-08T23:20:22","modified_gmt":"2020-01-08T20:20:22","slug":"proje","status":"publish","type":"page","link":"https:\/\/koenelektrik.com\/index.php\/proje\/","title":{"rendered":"PROJE"},"content":{"rendered":"\n<p>Her t\u00fcrl\u00fc yap\u0131n\u0131n mimarisine uygun \u00e7\u00f6z\u00fcmler \u00fcreterek data, CCTV, ayd\u0131nlatma, topraklama, yang\u0131n, seslendirme gibi sistemleri projelendiriyoruz.<\/p>\n","protected":false},"excerpt":{"rendered":"<p>Her t\u00fcrl\u00fc yap\u0131n\u0131n mimarisine uygun \u00e7\u00f6z\u00fcmler \u00fcreterek data, CCTV, ayd\u0131nlatma, topraklama, yang\u0131n, seslendirme gibi sistemleri projelendiriyoruz.<\/p>\n","protected":false},"author":1,"featured_media":0,"parent":0,"menu_order":0,"comment_status":"closed","ping_status":"closed","template":"","meta":{"footnotes":""},"class_list":["post-74","page","type-page","status-publish","hentry"],"_links":{"self":[{"href":"https:\/\/koenelektrik.com\/index.php\/wp-json\/wp\/v2\/pages\/74","targetHints":{"allow":["GET"]}}],"collection":[{"href":"https:\/\/koenelektrik.com\/index.php\/wp-json\/wp\/v2\/pages"}],"about":[{"href":"https:\/\/koenelektrik.com\/index.php\/wp-json\/wp\/v2\/types\/page"}],"author":[{"embeddable":true,"href":"https:\/\/koenelektrik.com\/index.php\/wp-json\/wp\/v2\/users\/1"}],"replies":[{"embeddable":true,"href":"https:\/\/koenelektrik.com\/index.php\/wp-json\/wp\/v2\/comments?post=74"}],"version-history":[{"count":2,"href":"https:\/\/koenelektrik.com\/index.php\/wp-json\/wp\/v2\/pages\/74\/revisions"}],"predecessor-version":[{"id":310,"href":"https:\/\/koenelektrik.com\/index.php\/wp-json\/wp\/v2\/pages\/74\/revisions\/310"}],"wp:attachment":[{"href":"https:\/\/koenelektrik.com\/index.php\/wp-json\/wp\/v2\/media?parent=74"}],"curies":[{"name":"wp","href":"https:\/\/api.w.org\/{rel}","templated":true}]}}