{"id":75,"date":"2018-04-24T09:07:01","date_gmt":"2018-04-24T09:07:01","guid":{"rendered":"http:\/\/demo.acmethemes.com\/construction-field-pro\/?page_id=89"},"modified":"2020-01-08T23:19:49","modified_gmt":"2020-01-08T20:19:49","slug":"uygulama","status":"publish","type":"page","link":"https:\/\/koenelektrik.com\/index.php\/uygulama\/","title":{"rendered":"UYGULAMA"},"content":{"rendered":"<div class=\"col-sm-5 col-md-6 wow fadeInRight animated\" data-wow-delay=\"2000\">\n<div class=\"media\">\n<div class=\"media-body\" align=\"justify\">\n<p>Elektrik-\u0130n\u015faat Taahh\u00fct, M\u00fc\u015favirlik ve M\u00fchendislik, Zay\u0131f Ak\u0131m, Al\u00e7ak ve Orta Gerilim Sistemleri ile daha pek \u00e7ok alanda uygulama yapmaktay\u0131z.<\/p>\n<\/div>\n<\/div>\n<\/div>\n","protected":false},"excerpt":{"rendered":"<p>Elektrik-\u0130n\u015faat Taahh\u00fct, M\u00fc\u015favirlik ve M\u00fchendislik, Zay\u0131f Ak\u0131m, Al\u00e7ak ve Orta Gerilim Sistemleri ile daha pek \u00e7ok alanda uygulama yapmaktay\u0131z.<\/p>\n","protected":false},"author":1,"featured_media":0,"parent":0,"menu_order":0,"comment_status":"closed","ping_status":"closed","template":"","meta":{"footnotes":""},"class_list":["post-75","page","type-page","status-publish","hentry"],"_links":{"self":[{"href":"https:\/\/koenelektrik.com\/index.php\/wp-json\/wp\/v2\/pages\/75","targetHints":{"allow":["GET"]}}],"collection":[{"href":"https:\/\/koenelektrik.com\/index.php\/wp-json\/wp\/v2\/pages"}],"about":[{"href":"https:\/\/koenelektrik.com\/index.php\/wp-json\/wp\/v2\/types\/page"}],"author":[{"embeddable":true,"href":"https:\/\/koenelektrik.com\/index.php\/wp-json\/wp\/v2\/users\/1"}],"replies":[{"embeddable":true,"href":"https:\/\/koenelektrik.com\/index.php\/wp-json\/wp\/v2\/comments?post=75"}],"version-history":[{"count":2,"href":"https:\/\/koenelektrik.com\/index.php\/wp-json\/wp\/v2\/pages\/75\/revisions"}],"predecessor-version":[{"id":309,"href":"https:\/\/koenelektrik.com\/index.php\/wp-json\/wp\/v2\/pages\/75\/revisions\/309"}],"wp:attachment":[{"href":"https:\/\/koenelektrik.com\/index.php\/wp-json\/wp\/v2\/media?parent=75"}],"curies":[{"name":"wp","href":"https:\/\/api.w.org\/{rel}","templated":true}]}}