{"id":76,"date":"2018-04-24T09:06:37","date_gmt":"2018-04-24T06:06:37","guid":{"rendered":"http:\/\/demo.acmethemes.com\/construction-field-pro\/?page_id=87"},"modified":"2020-01-14T01:14:27","modified_gmt":"2020-01-13T22:14:27","slug":"danismanlik","status":"publish","type":"page","link":"https:\/\/koenelektrik.com\/index.php\/danismanlik\/","title":{"rendered":"DANI\u015eMANLIK"},"content":{"rendered":"\n<p>Yap\u0131n\u0131n t\u00fcm ihtiya\u00e7lar\u0131 ve kurulmas\u0131 gereken sistemlerin belirlenmesi, malzeme se\u00e7imi, saha uygulamalar\u0131n\u0131n projeye uygunluk kontrolleri ve eksikliklerin belirlenip verimlili\u011fi artt\u0131racak \u00e7\u00f6z\u00fcmler sunmaya y\u00f6nelik dan\u0131\u015fmanl\u0131k hizmetileri.<\/p>\n","protected":false},"excerpt":{"rendered":"<p>\u00c7al\u0131\u015fma yap\u0131lacak yap\u0131n\u0131n t\u00fcm ihtiya\u00e7lar\u0131 ve kurulmas\u0131 gereken sistemlerin belirlenmesi, malzeme se\u00e7imi, saha uygulamalar\u0131n\u0131n projeye uygunluk kontrolleri ve eksikliklerin belirlenip verimlili\u011fi artt\u0131racak \u00e7\u00f6z\u00fcmler sunmaya y\u00f6nelik dan\u0131\u015fmanl\u0131k hizmeti vermekteyiz.<\/p>\n","protected":false},"author":1,"featured_media":0,"parent":0,"menu_order":0,"comment_status":"closed","ping_status":"closed","template":"","meta":{"footnotes":""},"class_list":["post-76","page","type-page","status-publish","hentry"],"_links":{"self":[{"href":"https:\/\/koenelektrik.com\/index.php\/wp-json\/wp\/v2\/pages\/76","targetHints":{"allow":["GET"]}}],"collection":[{"href":"https:\/\/koenelektrik.com\/index.php\/wp-json\/wp\/v2\/pages"}],"about":[{"href":"https:\/\/koenelektrik.com\/index.php\/wp-json\/wp\/v2\/types\/page"}],"author":[{"embeddable":true,"href":"https:\/\/koenelektrik.com\/index.php\/wp-json\/wp\/v2\/users\/1"}],"replies":[{"embeddable":true,"href":"https:\/\/koenelektrik.com\/index.php\/wp-json\/wp\/v2\/comments?post=76"}],"version-history":[{"count":3,"href":"https:\/\/koenelektrik.com\/index.php\/wp-json\/wp\/v2\/pages\/76\/revisions"}],"predecessor-version":[{"id":383,"href":"https:\/\/koenelektrik.com\/index.php\/wp-json\/wp\/v2\/pages\/76\/revisions\/383"}],"wp:attachment":[{"href":"https:\/\/koenelektrik.com\/index.php\/wp-json\/wp\/v2\/media?parent=76"}],"curies":[{"name":"wp","href":"https:\/\/api.w.org\/{rel}","templated":true}]}}