{"id":77,"date":"2018-04-24T09:05:56","date_gmt":"2018-04-24T09:05:56","guid":{"rendered":"http:\/\/demo.acmethemes.com\/construction-field-pro\/?page_id=85"},"modified":"2020-01-14T01:18:56","modified_gmt":"2020-01-13T22:18:56","slug":"elektrik-elektronik-muteahhitligi","status":"publish","type":"page","link":"https:\/\/koenelektrik.com\/index.php\/elektrik-elektronik-muteahhitligi\/","title":{"rendered":"ELEKTR\u0130K ELEKTRON\u0130K M\u00dcTEAHH\u0130TL\u0130\u011e\u0130"},"content":{"rendered":"","protected":false},"excerpt":{"rendered":"<p>Projenin ba\u015flang\u0131\u00e7 a\u015famas\u0131ndan itibaren elektrik ve elektronik ile ilgili t\u00fcm m\u00fchendislik i\u015flemlerini, tasar\u0131m, geli\u015ftirme ve test etme a\u015famalar\u0131n\u0131 yap\u0131yoruz.<\/p>\n","protected":false},"author":1,"featured_media":0,"parent":0,"menu_order":0,"comment_status":"closed","ping_status":"closed","template":"","meta":{"footnotes":""},"class_list":["post-77","page","type-page","status-publish","hentry"],"_links":{"self":[{"href":"https:\/\/koenelektrik.com\/index.php\/wp-json\/wp\/v2\/pages\/77","targetHints":{"allow":["GET"]}}],"collection":[{"href":"https:\/\/koenelektrik.com\/index.php\/wp-json\/wp\/v2\/pages"}],"about":[{"href":"https:\/\/koenelektrik.com\/index.php\/wp-json\/wp\/v2\/types\/page"}],"author":[{"embeddable":true,"href":"https:\/\/koenelektrik.com\/index.php\/wp-json\/wp\/v2\/users\/1"}],"replies":[{"embeddable":true,"href":"https:\/\/koenelektrik.com\/index.php\/wp-json\/wp\/v2\/comments?post=77"}],"version-history":[{"count":5,"href":"https:\/\/koenelektrik.com\/index.php\/wp-json\/wp\/v2\/pages\/77\/revisions"}],"predecessor-version":[{"id":385,"href":"https:\/\/koenelektrik.com\/index.php\/wp-json\/wp\/v2\/pages\/77\/revisions\/385"}],"wp:attachment":[{"href":"https:\/\/koenelektrik.com\/index.php\/wp-json\/wp\/v2\/media?parent=77"}],"curies":[{"name":"wp","href":"https:\/\/api.w.org\/{rel}","templated":true}]}}