{"id":83,"date":"2018-04-24T08:48:42","date_gmt":"2018-04-24T08:48:42","guid":{"rendered":"http:\/\/demo.acmethemes.com\/construction-field-pro\/?page_id=62"},"modified":"2020-01-08T22:13:43","modified_gmt":"2020-01-08T19:13:43","slug":"gorevimiz","status":"publish","type":"page","link":"https:\/\/koenelektrik.com\/index.php\/gorevimiz\/","title":{"rendered":"G\u00f6revimiz"},"content":{"rendered":"\n<p>Amac\u0131m\u0131z; Elektrik M\u00fchendisli\u011fi Proje ve Kontroll\u00fck hizmetlerini uluslararas\u0131 standartlara uygun kalitede sunmakt\u0131r.<\/p>\n","protected":false},"excerpt":{"rendered":"<p>Biz projelerimizin sadece yap\u0131m a\u015famas\u0131nda de\u011fil, sonras\u0131nda da sorumlusuyuz. Bu y\u00fczden bir projeye ba\u015flamadan \u00f6nce daima ileriyi d\u00fc\u015f\u00fcn\u00fcr\u00fcz.<\/p>\n","protected":false},"author":1,"featured_media":0,"parent":0,"menu_order":0,"comment_status":"closed","ping_status":"closed","template":"","meta":{"footnotes":""},"class_list":["post-83","page","type-page","status-publish","hentry"],"_links":{"self":[{"href":"https:\/\/koenelektrik.com\/index.php\/wp-json\/wp\/v2\/pages\/83","targetHints":{"allow":["GET"]}}],"collection":[{"href":"https:\/\/koenelektrik.com\/index.php\/wp-json\/wp\/v2\/pages"}],"about":[{"href":"https:\/\/koenelektrik.com\/index.php\/wp-json\/wp\/v2\/types\/page"}],"author":[{"embeddable":true,"href":"https:\/\/koenelektrik.com\/index.php\/wp-json\/wp\/v2\/users\/1"}],"replies":[{"embeddable":true,"href":"https:\/\/koenelektrik.com\/index.php\/wp-json\/wp\/v2\/comments?post=83"}],"version-history":[{"count":4,"href":"https:\/\/koenelektrik.com\/index.php\/wp-json\/wp\/v2\/pages\/83\/revisions"}],"predecessor-version":[{"id":250,"href":"https:\/\/koenelektrik.com\/index.php\/wp-json\/wp\/v2\/pages\/83\/revisions\/250"}],"wp:attachment":[{"href":"https:\/\/koenelektrik.com\/index.php\/wp-json\/wp\/v2\/media?parent=83"}],"curies":[{"name":"wp","href":"https:\/\/api.w.org\/{rel}","templated":true}]}}