{"id":84,"date":"2018-04-24T08:47:48","date_gmt":"2018-04-24T08:47:48","guid":{"rendered":"http:\/\/demo.acmethemes.com\/construction-field-pro\/?page_id=60"},"modified":"2020-01-08T22:15:35","modified_gmt":"2020-01-08T19:15:35","slug":"neden-bizi-tercih-etmelisiniz","status":"publish","type":"page","link":"https:\/\/koenelektrik.com\/index.php\/neden-bizi-tercih-etmelisiniz\/","title":{"rendered":"Neden Bizi Tercih Etmelisiniz"},"content":{"rendered":"\n<p>M\u00fc\u015fterilerimizin fikirlerini \u00f6nemsiyoruz, de\u011fi\u015fen ihtiya\u00e7lar\u0131 anlayarak yeni \u00e7\u00f6z\u00fcmler \u00fcretiyoruz.<\/p>\n\n\n\n<p>H\u0131zla geli\u015fen \u00fcr\u00fcn a\u011f\u0131m\u0131z ve \u00fcretkenli\u011fimizle sekt\u00f6rdeki oyuncular aras\u0131nda fark olu\u015fturuyoruz.<br><\/p>\n","protected":false},"excerpt":{"rendered":"<p>Her biri konusunda uzman deneyimli ve uzman ekiplerden hizmet alma fark\u0131n\u0131 ya\u015fay\u0131n.<\/p>\n","protected":false},"author":1,"featured_media":0,"parent":0,"menu_order":0,"comment_status":"closed","ping_status":"closed","template":"","meta":{"footnotes":""},"class_list":["post-84","page","type-page","status-publish","hentry"],"_links":{"self":[{"href":"https:\/\/koenelektrik.com\/index.php\/wp-json\/wp\/v2\/pages\/84","targetHints":{"allow":["GET"]}}],"collection":[{"href":"https:\/\/koenelektrik.com\/index.php\/wp-json\/wp\/v2\/pages"}],"about":[{"href":"https:\/\/koenelektrik.com\/index.php\/wp-json\/wp\/v2\/types\/page"}],"author":[{"embeddable":true,"href":"https:\/\/koenelektrik.com\/index.php\/wp-json\/wp\/v2\/users\/1"}],"replies":[{"embeddable":true,"href":"https:\/\/koenelektrik.com\/index.php\/wp-json\/wp\/v2\/comments?post=84"}],"version-history":[{"count":4,"href":"https:\/\/koenelektrik.com\/index.php\/wp-json\/wp\/v2\/pages\/84\/revisions"}],"predecessor-version":[{"id":251,"href":"https:\/\/koenelektrik.com\/index.php\/wp-json\/wp\/v2\/pages\/84\/revisions\/251"}],"wp:attachment":[{"href":"https:\/\/koenelektrik.com\/index.php\/wp-json\/wp\/v2\/media?parent=84"}],"curies":[{"name":"wp","href":"https:\/\/api.w.org\/{rel}","templated":true}]}}