{"id":85,"date":"2018-04-24T08:46:53","date_gmt":"2018-04-24T08:46:53","guid":{"rendered":"http:\/\/demo.acmethemes.com\/construction-field-pro\/?page_id=58"},"modified":"2020-01-08T22:17:17","modified_gmt":"2020-01-08T19:17:17","slug":"neler-yapiyoruz","status":"publish","type":"page","link":"https:\/\/koenelektrik.com\/index.php\/neler-yapiyoruz\/","title":{"rendered":"Neler Yap\u0131yoruz"},"content":{"rendered":"\n<h2 class=\"wp-block-heading\">KOEN ELEKTR\u0130K ELEKTRON\u0130K \u0130N\u015e. SAN. VE T\u0130C. LTD. \u015eT\u0130.<\/h2>\n\n\n\n<p>Firmam\u0131z, 2019 y\u0131l\u0131nda kurulmu\u015f olup, o g\u00fcnden sonra bulundu\u011fu alan i\u00e7erisinde portf\u00f6y\u00fcn\u00fc geni\u015fleterek devam ettirmi\u015ftir. Tamamlam\u0131\u015f oldu\u011fu projelerle kazand\u0131\u011f\u0131 tecr\u00fcbeyi, devam eden projelerde en g\u00fczel \u015fekilde sergilemektedir.<br>Firmam\u0131z, ba\u015flad\u0131\u011f\u0131 projeyi taahh\u00fct etti\u011fi zamanda ve taahh\u00fct etti\u011fi \u015fekilde teslim etme, bitirdi\u011fi i\u015flerin takibini yap\u0131p, her zaman yapt\u0131\u011f\u0131 projenin arkas\u0131nda durma anlay\u0131\u015f\u0131yla \u00e7al\u0131\u015fmalar\u0131na devam etmektedir.<\/p>\n","protected":false},"excerpt":{"rendered":"<p>Genel Elektrik &#8211; Elektronik M\u00fcteahhitli\u011fi, Data Alt Yap\u0131 Sistemleri, G\u00fcvenlik Sistemleri ve Alt Yap\u0131 Hizmetleri, Montaj<\/p>\n","protected":false},"author":1,"featured_media":0,"parent":0,"menu_order":0,"comment_status":"closed","ping_status":"closed","template":"","meta":{"footnotes":""},"class_list":["post-85","page","type-page","status-publish","hentry"],"_links":{"self":[{"href":"https:\/\/koenelektrik.com\/index.php\/wp-json\/wp\/v2\/pages\/85","targetHints":{"allow":["GET"]}}],"collection":[{"href":"https:\/\/koenelektrik.com\/index.php\/wp-json\/wp\/v2\/pages"}],"about":[{"href":"https:\/\/koenelektrik.com\/index.php\/wp-json\/wp\/v2\/types\/page"}],"author":[{"embeddable":true,"href":"https:\/\/koenelektrik.com\/index.php\/wp-json\/wp\/v2\/users\/1"}],"replies":[{"embeddable":true,"href":"https:\/\/koenelektrik.com\/index.php\/wp-json\/wp\/v2\/comments?post=85"}],"version-history":[{"count":3,"href":"https:\/\/koenelektrik.com\/index.php\/wp-json\/wp\/v2\/pages\/85\/revisions"}],"predecessor-version":[{"id":252,"href":"https:\/\/koenelektrik.com\/index.php\/wp-json\/wp\/v2\/pages\/85\/revisions\/252"}],"wp:attachment":[{"href":"https:\/\/koenelektrik.com\/index.php\/wp-json\/wp\/v2\/media?parent=85"}],"curies":[{"name":"wp","href":"https:\/\/api.w.org\/{rel}","templated":true}]}}