{"id":86,"date":"2018-04-24T08:31:34","date_gmt":"2018-04-24T08:31:34","guid":{"rendered":"http:\/\/demo.acmethemes.com\/construction-field-pro\/?page_id=29"},"modified":"2020-01-09T00:20:20","modified_gmt":"2020-01-08T21:20:20","slug":"hizmetler","status":"publish","type":"page","link":"https:\/\/koenelektrik.com\/index.php\/hizmetler\/","title":{"rendered":"Hizmetlerimiz"},"content":{"rendered":"<div id=\"pl-86\"  class=\"panel-layout\" ><div id=\"pg-86-0\"  class=\"panel-grid panel-no-style\" ><div id=\"pgc-86-0-0\"  class=\"panel-grid-cell\" ><div id=\"panel-86-0-0-0\" class=\"so-panel widget widget_media_image panel-first-child\" data-index=\"0\" ><img loading=\"lazy\" decoding=\"async\" width=\"1920\" height=\"500\" src=\"https:\/\/koenelektrik.com\/wp-content\/uploads\/2018\/04\/headerimage.jpg\" class=\"image wp-image-9  attachment-full size-full\" alt=\"\" style=\"max-width: 100%; height: auto;\" srcset=\"https:\/\/koenelektrik.com\/wp-content\/uploads\/2018\/04\/headerimage.jpg 1920w, https:\/\/koenelektrik.com\/wp-content\/uploads\/2018\/04\/headerimage-690x180.jpg 690w, https:\/\/koenelektrik.com\/wp-content\/uploads\/2018\/04\/headerimage-1080x281.jpg 1080w, https:\/\/koenelektrik.com\/wp-content\/uploads\/2018\/04\/headerimage-768x200.jpg 768w, https:\/\/koenelektrik.com\/wp-content\/uploads\/2018\/04\/headerimage-1536x400.jpg 1536w\" sizes=\"auto, (max-width: 1920px) 100vw, 1920px\" \/><\/div><div id=\"panel-86-0-0-1\" class=\"so-panel widget widget_construction_field_service panel-last-child\" data-index=\"1\" >            <section id=\"construction_field_service-1\" class=\"at-widgets acme-services \">\r\n                <div class=\"container\">\r\n\t\t\t\t\t                    <div class=\"row featured-entries-col featured-entries-logo\">\r\n\t\t\t\t\t\t                            <div class=\"col-md-4\">\r\n                                                                    <div class=\"single-list  column\">\r\n                                        <div class=\"single-item left-wrapper init-animate zoomIn\">\r\n                                            <div class=\"single-service-content\">\r\n                                                <h3 class=\"title\">\r\n                                                    <a title=\"AR-GE\" href=\"https:\/\/koenelektrik.com\/index.php\/ar-ge\/\">\r\n\t\t                                                AR-GE                                                    <\/a>\r\n                                                <\/h3>\r\n                                                <div class=\"content\">\r\n                                                    <div class=\"details\">\r\n\t                                                    <p>\u00c7al\u0131\u015fmalar\u0131m\u0131z\u0131, kaliteden \u00f6d\u00fcn vermeden, en uygun fiyatta \u00fcr\u00fcnlerin ara\u015ft\u0131rmas\u0131n\u0131 yaparak en iyi \u015fekilde hizmet vermek amac\u0131yla yapmaktay\u0131z.<\/p>\n                                                    <\/div>\r\n                                                <\/div>\r\n                                            <\/div>\r\n                                            <div class=\"icon clearfix\">\r\n\t                                                                                                <a href=\"https:\/\/koenelektrik.com\/index.php\/ar-ge\/\" class=\"all-link\">\r\n                                                        <i class=\"fa fa-gitlab\"><\/i>\r\n                                                    <\/a>\r\n\t\t                                                                                        <\/div>\r\n                                        <\/div>\r\n                                    <\/div>\r\n\t\t\t\t\t\t\t\t\t                                    <div class=\"single-list  column\">\r\n                                        <div class=\"single-item left-wrapper init-animate zoomIn\">\r\n                                            <div class=\"single-service-content\">\r\n                                                <h3 class=\"title\">\r\n                                                    <a title=\"DATA ALT YAPI S\u0130STEMLER\u0130\" href=\"https:\/\/koenelektrik.com\/index.php\/data-alt-yapi-sistemleri\/\">\r\n\t\t                                                DATA ALT YAPI S\u0130STEMLER\u0130                                                    <\/a>\r\n                                                <\/h3>\r\n                                                <div class=\"content\">\r\n                                                    <div class=\"details\">\r\n\t                                                    <p>Yap\u0131sal kablolama \u00e7\u00f6z\u00fcmleri ile network data center veri merkezi odalar\u0131n kurulmas\u0131 ve data telefon kablolamas\u0131n\u0131n kurulmas\u0131<\/p>\n                                                    <\/div>\r\n                                                <\/div>\r\n                                            <\/div>\r\n                                            <div class=\"icon clearfix\">\r\n\t                                                                                                <a href=\"https:\/\/koenelektrik.com\/index.php\/data-alt-yapi-sistemleri\/\" class=\"all-link\">\r\n                                                        <i class=\"fa fa-magic\"><\/i>\r\n                                                    <\/a>\r\n\t\t                                                                                        <\/div>\r\n                                        <\/div>\r\n                                    <\/div>\r\n\t\t\t\t\t\t\t\t\t                                    <div class=\"single-list  column\">\r\n                                        <div class=\"single-item left-wrapper init-animate zoomIn\">\r\n                                            <div class=\"single-service-content\">\r\n                                                <h3 class=\"title\">\r\n                                                    <a title=\"PROJE\" href=\"https:\/\/koenelektrik.com\/index.php\/proje\/\">\r\n\t\t                                                PROJE                                                    <\/a>\r\n                                                <\/h3>\r\n                                                <div class=\"content\">\r\n                                                    <div class=\"details\">\r\n\t                                                    <p>Her t\u00fcrl\u00fc yap\u0131n\u0131n mimarisine uygun \u00e7\u00f6z\u00fcmler \u00fcreterek data, CCTV, ayd\u0131nlatma, topraklama, yang\u0131n, seslendirme gibi sistemleri projelendiriyoruz.<\/p>\n                                                    <\/div>\r\n                                                <\/div>\r\n                                            <\/div>\r\n                                            <div class=\"icon clearfix\">\r\n\t                                                                                                <a href=\"https:\/\/koenelektrik.com\/index.php\/proje\/\" class=\"all-link\">\r\n                                                        <i class=\"fa fa-file-o\"><\/i>\r\n                                                    <\/a>\r\n\t\t                                                                                        <\/div>\r\n                                        <\/div>\r\n                                    <\/div>\r\n\t\t\t\t\t\t\t\t\t                            <\/div>\r\n                                                            <div class=\"col-md-4\">\r\n                                    <div class=\"featured-image-wrap\">\r\n                                        <img decoding=\"async\" src=\"http:\/\/koenelektrik.com\/wp-content\/uploads\/2020\/01\/hizmetlerimiz.jpg\">\r\n                                    <\/div>\r\n                                <\/div>\r\n                                                            <div class=\"col-md-4\">\r\n                                                                    <div class=\"single-list  column\">\r\n                                        <div class=\"single-item right-wrapper  init-animate zoomIn\">\r\n                                            <div class=\"single-service-content\">\r\n                                                <h3 class=\"title\">\r\n                                                    <a title=\"DANI\u015eMANLIK\" href=\"https:\/\/koenelektrik.com\/index.php\/danismanlik\/\">\r\n\t\t                                                DANI\u015eMANLIK                                                    <\/a>\r\n                                                <\/h3>\r\n                                                <div class=\"content\">\r\n                                                    <div class=\"details\">\r\n\t\t\t                                            <p>\u00c7al\u0131\u015fma yap\u0131lacak yap\u0131n\u0131n t\u00fcm ihtiya\u00e7lar\u0131 ve kurulmas\u0131 gereken sistemlerin belirlenmesi, malzeme se\u00e7imi, saha uygulamalar\u0131n\u0131n projeye uygunluk kontrolleri ve eksikliklerin belirlenip verimlili\u011fi artt\u0131racak \u00e7\u00f6z\u00fcmler sunmaya y\u00f6nelik dan\u0131\u015fmanl\u0131k hizmeti vermekteyiz.<\/p>\n                                                    <\/div>\r\n                                                <\/div>\r\n                                            <\/div>\r\n                                            <div class=\"icon clearfix\">\r\n\t                                                                                                <a href=\"https:\/\/koenelektrik.com\/index.php\/danismanlik\/\" class=\"all-link\">\r\n                                                        <i class=\"fa fa-refresh\"><\/i>\r\n                                                    <\/a>\r\n\t\t                                                                                        <\/div>\r\n                                        <\/div>\r\n                                    <\/div>\r\n                                                                        <div class=\"single-list  column\">\r\n                                        <div class=\"single-item right-wrapper  init-animate zoomIn\">\r\n                                            <div class=\"single-service-content\">\r\n                                                <h3 class=\"title\">\r\n                                                    <a title=\"ELEKTR\u0130K ELEKTRON\u0130K M\u00dcTEAHH\u0130TL\u0130\u011e\u0130\" href=\"https:\/\/koenelektrik.com\/index.php\/elektrik-elektronik-muteahhitligi\/\">\r\n\t\t                                                ELEKTR\u0130K ELEKTRON\u0130K M\u00dcTEAHH\u0130TL\u0130\u011e\u0130                                                    <\/a>\r\n                                                <\/h3>\r\n                                                <div class=\"content\">\r\n                                                    <div class=\"details\">\r\n\t\t\t                                            <p>Projenin ba\u015flang\u0131\u00e7 a\u015famas\u0131ndan itibaren elektrik ve elektronik ile ilgili t\u00fcm m\u00fchendislik i\u015flemlerini, tasar\u0131m, geli\u015ftirme ve test etme a\u015famalar\u0131n\u0131 yap\u0131yoruz.<\/p>\n                                                    <\/div>\r\n                                                <\/div>\r\n                                            <\/div>\r\n                                            <div class=\"icon clearfix\">\r\n\t                                                                                                <a href=\"https:\/\/koenelektrik.com\/index.php\/elektrik-elektronik-muteahhitligi\/\" class=\"all-link\">\r\n                                                        <i class=\"fa fa-home\"><\/i>\r\n                                                    <\/a>\r\n\t\t                                                                                        <\/div>\r\n                                        <\/div>\r\n                                    <\/div>\r\n                                                                        <div class=\"single-list  column\">\r\n                                        <div class=\"single-item right-wrapper  init-animate zoomIn\">\r\n                                            <div class=\"single-service-content\">\r\n                                                <h3 class=\"title\">\r\n                                                    <a title=\"UYGULAMA\" href=\"https:\/\/koenelektrik.com\/index.php\/uygulama\/\">\r\n\t\t                                                UYGULAMA                                                    <\/a>\r\n                                                <\/h3>\r\n                                                <div class=\"content\">\r\n                                                    <div class=\"details\">\r\n\t\t\t                                            <p>Elektrik-\u0130n\u015faat Taahh\u00fct, M\u00fc\u015favirlik ve M\u00fchendislik, Zay\u0131f Ak\u0131m, Al\u00e7ak ve Orta Gerilim Sistemleri ile daha pek \u00e7ok alanda uygulama yapmaktay\u0131z.<\/p>\n                                                    <\/div>\r\n                                                <\/div>\r\n                                            <\/div>\r\n                                            <div class=\"icon clearfix\">\r\n\t                                                                                                <a href=\"https:\/\/koenelektrik.com\/index.php\/uygulama\/\" class=\"all-link\">\r\n                                                        <i class=\"fa fa-building-o\"><\/i>\r\n                                                    <\/a>\r\n\t\t                                                                                        <\/div>\r\n                                        <\/div>\r\n                                    <\/div>\r\n                                                                <\/div>\r\n\t\t\t\t\t\t\t                    <\/div><!--row-->\r\n                <\/div><!--cointainer-->\r\n            <\/section>\r\n\t\t\t<\/div><\/div><\/div><\/div>","protected":false},"excerpt":{"rendered":"","protected":false},"author":1,"featured_media":0,"parent":0,"menu_order":0,"comment_status":"closed","ping_status":"closed","template":"page-templates\/template-builder.php","meta":{"footnotes":""},"class_list":["post-86","page","type-page","status-publish","hentry"],"_links":{"self":[{"href":"https:\/\/koenelektrik.com\/index.php\/wp-json\/wp\/v2\/pages\/86","targetHints":{"allow":["GET"]}}],"collection":[{"href":"https:\/\/koenelektrik.com\/index.php\/wp-json\/wp\/v2\/pages"}],"about":[{"href":"https:\/\/koenelektrik.com\/index.php\/wp-json\/wp\/v2\/types\/page"}],"author":[{"embeddable":true,"href":"https:\/\/koenelektrik.com\/index.php\/wp-json\/wp\/v2\/users\/1"}],"replies":[{"embeddable":true,"href":"https:\/\/koenelektrik.com\/index.php\/wp-json\/wp\/v2\/comments?post=86"}],"version-history":[{"count":17,"href":"https:\/\/koenelektrik.com\/index.php\/wp-json\/wp\/v2\/pages\/86\/revisions"}],"predecessor-version":[{"id":346,"href":"https:\/\/koenelektrik.com\/index.php\/wp-json\/wp\/v2\/pages\/86\/revisions\/346"}],"wp:attachment":[{"href":"https:\/\/koenelektrik.com\/index.php\/wp-json\/wp\/v2\/media?parent=86"}],"curies":[{"name":"wp","href":"https:\/\/api.w.org\/{rel}","templated":true}]}}