{"id":88,"date":"2018-04-24T08:31:20","date_gmt":"2018-04-24T08:31:20","guid":{"rendered":"http:\/\/demo.acmethemes.com\/construction-field-pro\/?page_id=25"},"modified":"2020-01-08T23:15:25","modified_gmt":"2020-01-08T20:15:25","slug":"hakkimizda","status":"publish","type":"page","link":"https:\/\/koenelektrik.com\/index.php\/hakkimizda\/","title":{"rendered":"Hakk\u0131m\u0131zda"},"content":{"rendered":"<div id=\"pl-88\"  class=\"panel-layout\" ><div id=\"pg-88-0\"  class=\"panel-grid panel-no-style\" ><div id=\"pgc-88-0-0\"  class=\"panel-grid-cell\" ><div id=\"panel-88-0-0-0\" class=\"so-panel widget widget_media_image panel-first-child\" data-index=\"0\" ><img loading=\"lazy\" decoding=\"async\" class=\"image \" src=\"http:\/\/demo.acmethemes.com\/construction-field-pro\/wp-content\/uploads\/2018\/04\/headerimage.jpg\" alt=\"\" width=\"1920\" height=\"500\" \/><\/div><div id=\"panel-88-0-0-1\" class=\"so-panel widget widget_construction_field_about panel-last-child\" data-index=\"1\" >            <section id=\"construction_field_about-1\" class=\"at-widgets acme-abouts \">\r\n                <div class=\"container\">\r\n\t\t\t\t\t                    <div class=\"row\">\r\n\t\t\t\t\t\t                                    <div class=\"single-list col-sm-12 col-md-4 column\">\r\n                                        <div class=\"single-item init-animate zoomIn\">\r\n                                            <div class=\"icon clearfix\">\r\n\t\t\t\t\t\t\t\t\t\t\t\t<a href=\"https:\/\/koenelektrik.com\/index.php\/iletisime-gecin\/\"><i class=\"fa fa-suitcase\"><\/i><\/a>                                            <\/div>\r\n                                            <h3 class=\"title\">\r\n                                                <a title=\"Elektrik Elektronik M\u00fchendisli\u011fi\" href=\"https:\/\/koenelektrik.com\/index.php\/iletisime-gecin\/\">\r\n\t\t\t                                        Elektrik Elektronik M\u00fchendisli\u011fi                                                <\/a>\r\n                                            <\/h3>\r\n                                            <div class=\"content\">\r\n                                                <div class=\"details\">\r\n\t\t\t                                        <p>Elektrik M\u00fchendisli\u011fi alan\u0131nda bir\u00e7ok konuda \u00e7\u00f6z\u00fcm sunmaktay\u0131z. Siz de bizimle \u00e7al\u0131\u015fmak ve hizmetlerimiz konusunda daha fazla bilgi almak istiyorsan\u0131z l\u00fctfen ileti\u015fime ge\u00e7in.<\/p>\n                                                <\/div>\r\n                                            <\/div>\r\n                                        <\/div>\r\n                                    <\/div>\r\n\t\t\t\t\t\t\t\t\t                                    <div class=\"single-list col-sm-12 col-md-4 column\">\r\n                                        <div class=\"single-item init-animate zoomIn\">\r\n                                            <div class=\"icon clearfix\">\r\n\t\t\t\t\t\t\t\t\t\t\t\t                                                    <a href=\"https:\/\/koenelektrik.com\/index.php\/neler-yapiyoruz\/\" class=\"all-link\">\r\n                                                        <i class=\"fa fa-pencil\"><\/i>\r\n                                                    <\/a>\r\n\t\t\t\t\t\t\t\t\t\t\t\t\t                                            <\/div>\r\n                                            <h3 class=\"title\">\r\n                                                <a title=\"Neler Yap\u0131yoruz\" href=\"https:\/\/koenelektrik.com\/index.php\/neler-yapiyoruz\/\">\r\n\t\t\t                                        Neler Yap\u0131yoruz                                                <\/a>\r\n                                            <\/h3>\r\n                                            <div class=\"content\">\r\n                                                <div class=\"details\">\r\n\t\t\t                                        <p>Genel Elektrik &#8211; Elektronik M\u00fcteahhitli\u011fi, Data Alt Yap\u0131 Sistemleri, G\u00fcvenlik Sistemleri ve Alt Yap\u0131 Hizmetleri, Montaj<\/p>\n                                                <\/div>\r\n                                            <\/div>\r\n                                        <\/div>\r\n                                    <\/div>\r\n\t\t\t\t\t\t\t\t\t                                    <div class=\"single-list col-sm-12 col-md-4 column\">\r\n                                        <div class=\"single-item init-animate zoomIn\">\r\n                                            <div class=\"icon clearfix\">\r\n\t\t\t\t\t\t\t\t\t\t\t\t<a href=\"https:\/\/koenelektrik.com\/index.php\/profesyonel-ekip\/\"><i class=\"fa fa-suitcase\"><\/i><\/a>                                            <\/div>\r\n                                            <h3 class=\"title\">\r\n                                                <a title=\"Profesyonel Ekip\" href=\"https:\/\/koenelektrik.com\/index.php\/profesyonel-ekip\/\">\r\n\t\t\t                                        Profesyonel Ekip                                                <\/a>\r\n                                            <\/h3>\r\n                                            <div class=\"content\">\r\n                                                <div class=\"details\">\r\n\t\t\t                                        <p>Firmam\u0131z ald\u0131\u011f\u0131 i\u015fler ve t\u00fcm s\u00fcre\u00e7ler boyunca her zaman s\u00fcrd\u00fcr\u00fclebilir m\u00fc\u015fteri memnuniyetini hedefler<\/p>\n                                                <\/div>\r\n                                            <\/div>\r\n                                        <\/div>\r\n                                    <\/div>\r\n\t\t\t\t\t\t\t\t\t                    <\/div><!--row-->\r\n                <\/div><!--cointainer-->\r\n            <\/section>\r\n\t\t\t<\/div><\/div><\/div><\/div>","protected":false},"excerpt":{"rendered":"","protected":false},"author":1,"featured_media":0,"parent":0,"menu_order":0,"comment_status":"closed","ping_status":"closed","template":"page-templates\/template-builder.php","meta":{"footnotes":""},"class_list":["post-88","page","type-page","status-publish","hentry"],"_links":{"self":[{"href":"https:\/\/koenelektrik.com\/index.php\/wp-json\/wp\/v2\/pages\/88","targetHints":{"allow":["GET"]}}],"collection":[{"href":"https:\/\/koenelektrik.com\/index.php\/wp-json\/wp\/v2\/pages"}],"about":[{"href":"https:\/\/koenelektrik.com\/index.php\/wp-json\/wp\/v2\/types\/page"}],"author":[{"embeddable":true,"href":"https:\/\/koenelektrik.com\/index.php\/wp-json\/wp\/v2\/users\/1"}],"replies":[{"embeddable":true,"href":"https:\/\/koenelektrik.com\/index.php\/wp-json\/wp\/v2\/comments?post=88"}],"version-history":[{"count":8,"href":"https:\/\/koenelektrik.com\/index.php\/wp-json\/wp\/v2\/pages\/88\/revisions"}],"predecessor-version":[{"id":307,"href":"https:\/\/koenelektrik.com\/index.php\/wp-json\/wp\/v2\/pages\/88\/revisions\/307"}],"wp:attachment":[{"href":"https:\/\/koenelektrik.com\/index.php\/wp-json\/wp\/v2\/media?parent=88"}],"curies":[{"name":"wp","href":"https:\/\/api.w.org\/{rel}","templated":true}]}}